{"id":221,"date":"2023-05-15T19:33:33","date_gmt":"2023-05-15T19:33:33","guid":{"rendered":"http:\/\/dvo.local\/?page_id=221"},"modified":"2023-12-08T19:41:24","modified_gmt":"2023-12-08T19:41:24","slug":"about-us","status":"publish","type":"page","link":"https:\/\/dvoinc.com\/pl\/about-us\/","title":{"rendered":"O nas"},"content":{"rendered":"","protected":false},"excerpt":{"rendered":"","protected":false},"author":1,"featured_media":1555,"parent":0,"menu_order":0,"comment_status":"closed","ping_status":"closed","template":"","meta":{"_acf_changed":false,"footnotes":""},"class_list":["post-221","page","type-page","status-publish","has-post-thumbnail","hentry"],"acf":[],"yoast_head":"<!-- This site is optimized with the Yoast SEO Premium plugin v22.9 (Yoast SEO v27.4) - https:\/\/yoast.com\/product\/yoast-seo-premium-wordpress\/ -->\n<title>About DVO | Anaerobic Digester Companies - DVO<\/title>\n<meta name=\"description\" content=\"DVO Inc. is a leading manufacturer of anaerobic digesters for organic waste, with more than 170 installed digesters.\" \/>\n<meta name=\"robots\" content=\"index, follow, max-snippet:-1, max-image-preview:large, max-video-preview:-1\" \/>\n<link rel=\"canonical\" href=\"http:\/\/2pg.5ba.myftpupload.com\/about-us\/\" \/>\n<meta property=\"og:locale\" content=\"pl_PL\" \/>\n<meta property=\"og:type\" content=\"article\" \/>\n<meta property=\"og:title\" content=\"About Us\" \/>\n<meta property=\"og:description\" content=\"DVO Inc. is a leading manufacturer of anaerobic digesters for organic waste, with more than 170 installed digesters.\" \/>\n<meta property=\"og:url\" content=\"http:\/\/2pg.5ba.myftpupload.com\/about-us\/\" \/>\n<meta property=\"og:site_name\" content=\"DVO\" \/>\n<meta property=\"article:modified_time\" content=\"2023-12-08T19:41:24+00:00\" \/>\n<meta property=\"og:image\" content=\"http:\/\/2pg.5ba.myftpupload.com\/wp-content\/uploads\/2023\/09\/1600x600_California-Farm_1_edit.jpg\" \/>\n\t<meta property=\"og:image:width\" content=\"1600\" \/>\n\t<meta property=\"og:image:height\" content=\"600\" \/>\n\t<meta property=\"og:image:type\" content=\"image\/jpeg\" \/>\n<meta name=\"twitter:card\" content=\"summary_large_image\" \/>\n<meta name=\"twitter:site\" content=\"@DVOdigesters\" \/>\n<script type=\"application\/ld+json\" class=\"yoast-schema-graph\">{\"@context\":\"https:\\\/\\\/schema.org\",\"@graph\":[{\"@type\":\"WebPage\",\"@id\":\"http:\\\/\\\/2pg.5ba.myftpupload.com\\\/about-us\\\/\",\"url\":\"http:\\\/\\\/2pg.5ba.myftpupload.com\\\/about-us\\\/\",\"name\":\"About DVO | Anaerobic Digester Companies - DVO\",\"isPartOf\":{\"@id\":\"http:\\\/\\\/2pg.5ba.myftpupload.com\\\/#website\"},\"primaryImageOfPage\":{\"@id\":\"http:\\\/\\\/2pg.5ba.myftpupload.com\\\/about-us\\\/#primaryimage\"},\"image\":{\"@id\":\"http:\\\/\\\/2pg.5ba.myftpupload.com\\\/about-us\\\/#primaryimage\"},\"thumbnailUrl\":\"https:\\\/\\\/dvoinc.com\\\/wp-content\\\/uploads\\\/2023\\\/09\\\/1600x600_California-Farm_1_edit.jpg\",\"datePublished\":\"2023-05-15T19:33:33+00:00\",\"dateModified\":\"2023-12-08T19:41:24+00:00\",\"description\":\"DVO Inc. is a leading manufacturer of anaerobic digesters for organic waste, with more than 170 installed digesters.\",\"breadcrumb\":{\"@id\":\"http:\\\/\\\/2pg.5ba.myftpupload.com\\\/about-us\\\/#breadcrumb\"},\"inLanguage\":\"pl-PL\",\"potentialAction\":[{\"@type\":\"ReadAction\",\"target\":[\"http:\\\/\\\/2pg.5ba.myftpupload.com\\\/about-us\\\/\"]}]},{\"@type\":\"ImageObject\",\"inLanguage\":\"pl-PL\",\"@id\":\"http:\\\/\\\/2pg.5ba.myftpupload.com\\\/about-us\\\/#primaryimage\",\"url\":\"https:\\\/\\\/dvoinc.com\\\/wp-content\\\/uploads\\\/2023\\\/09\\\/1600x600_California-Farm_1_edit.jpg\",\"contentUrl\":\"https:\\\/\\\/dvoinc.com\\\/wp-content\\\/uploads\\\/2023\\\/09\\\/1600x600_California-Farm_1_edit.jpg\",\"width\":1600,\"height\":600,\"caption\":\"Sunrise behind a dairy farm with green field in foreground\"},{\"@type\":\"BreadcrumbList\",\"@id\":\"http:\\\/\\\/2pg.5ba.myftpupload.com\\\/about-us\\\/#breadcrumb\",\"itemListElement\":[{\"@type\":\"ListItem\",\"position\":1,\"name\":\"Home\",\"item\":\"https:\\\/\\\/dvoinc.com\\\/\"},{\"@type\":\"ListItem\",\"position\":2,\"name\":\"About Us\"}]},{\"@type\":\"WebSite\",\"@id\":\"http:\\\/\\\/2pg.5ba.myftpupload.com\\\/#website\",\"url\":\"http:\\\/\\\/2pg.5ba.myftpupload.com\\\/\",\"name\":\"DVO\",\"description\":\"Renewables at Work\",\"publisher\":{\"@id\":\"http:\\\/\\\/2pg.5ba.myftpupload.com\\\/#organization\"},\"potentialAction\":[{\"@type\":\"SearchAction\",\"target\":{\"@type\":\"EntryPoint\",\"urlTemplate\":\"http:\\\/\\\/2pg.5ba.myftpupload.com\\\/?s={search_term_string}\"},\"query-input\":{\"@type\":\"PropertyValueSpecification\",\"valueRequired\":true,\"valueName\":\"search_term_string\"}}],\"inLanguage\":\"pl-PL\"},{\"@type\":\"Organization\",\"@id\":\"http:\\\/\\\/2pg.5ba.myftpupload.com\\\/#organization\",\"name\":\"DVO\",\"url\":\"http:\\\/\\\/2pg.5ba.myftpupload.com\\\/\",\"logo\":{\"@type\":\"ImageObject\",\"inLanguage\":\"pl-PL\",\"@id\":\"http:\\\/\\\/2pg.5ba.myftpupload.com\\\/#\\\/schema\\\/logo\\\/image\\\/\",\"url\":\"https:\\\/\\\/dvoinc.com\\\/wp-content\\\/uploads\\\/2023\\\/05\\\/logo.svg\",\"contentUrl\":\"https:\\\/\\\/dvoinc.com\\\/wp-content\\\/uploads\\\/2023\\\/05\\\/logo.svg\",\"width\":170,\"height\":67,\"caption\":\"DVO\"},\"image\":{\"@id\":\"http:\\\/\\\/2pg.5ba.myftpupload.com\\\/#\\\/schema\\\/logo\\\/image\\\/\"},\"sameAs\":[\"https:\\\/\\\/x.com\\\/DVOdigesters\",\"https:\\\/\\\/www.linkedin.com\\\/company\\\/dvo-inc-\"]}]}<\/script>\n<!-- \/ Yoast SEO Premium plugin. -->","yoast_head_json":{"title":"About DVO | Anaerobic Digester Companies - DVO","description":"DVO Inc. is a leading manufacturer of anaerobic digesters for organic waste, with more than 170 installed digesters.","robots":{"index":"index","follow":"follow","max-snippet":"max-snippet:-1","max-image-preview":"max-image-preview:large","max-video-preview":"max-video-preview:-1"},"canonical":"http:\/\/2pg.5ba.myftpupload.com\/about-us\/","og_locale":"pl_PL","og_type":"article","og_title":"About Us","og_description":"DVO Inc. is a leading manufacturer of anaerobic digesters for organic waste, with more than 170 installed digesters.","og_url":"http:\/\/2pg.5ba.myftpupload.com\/about-us\/","og_site_name":"DVO","article_modified_time":"2023-12-08T19:41:24+00:00","og_image":[{"width":1600,"height":600,"url":"http:\/\/2pg.5ba.myftpupload.com\/wp-content\/uploads\/2023\/09\/1600x600_California-Farm_1_edit.jpg","type":"image\/jpeg"}],"twitter_card":"summary_large_image","twitter_site":"@DVOdigesters","schema":{"@context":"https:\/\/schema.org","@graph":[{"@type":"WebPage","@id":"http:\/\/2pg.5ba.myftpupload.com\/about-us\/","url":"http:\/\/2pg.5ba.myftpupload.com\/about-us\/","name":"About DVO | Anaerobic Digester Companies - DVO","isPartOf":{"@id":"http:\/\/2pg.5ba.myftpupload.com\/#website"},"primaryImageOfPage":{"@id":"http:\/\/2pg.5ba.myftpupload.com\/about-us\/#primaryimage"},"image":{"@id":"http:\/\/2pg.5ba.myftpupload.com\/about-us\/#primaryimage"},"thumbnailUrl":"https:\/\/dvoinc.com\/wp-content\/uploads\/2023\/09\/1600x600_California-Farm_1_edit.jpg","datePublished":"2023-05-15T19:33:33+00:00","dateModified":"2023-12-08T19:41:24+00:00","description":"DVO Inc. is a leading manufacturer of anaerobic digesters for organic waste, with more than 170 installed digesters.","breadcrumb":{"@id":"http:\/\/2pg.5ba.myftpupload.com\/about-us\/#breadcrumb"},"inLanguage":"pl-PL","potentialAction":[{"@type":"ReadAction","target":["http:\/\/2pg.5ba.myftpupload.com\/about-us\/"]}]},{"@type":"ImageObject","inLanguage":"pl-PL","@id":"http:\/\/2pg.5ba.myftpupload.com\/about-us\/#primaryimage","url":"https:\/\/dvoinc.com\/wp-content\/uploads\/2023\/09\/1600x600_California-Farm_1_edit.jpg","contentUrl":"https:\/\/dvoinc.com\/wp-content\/uploads\/2023\/09\/1600x600_California-Farm_1_edit.jpg","width":1600,"height":600,"caption":"Sunrise behind a dairy farm with green field in foreground"},{"@type":"BreadcrumbList","@id":"http:\/\/2pg.5ba.myftpupload.com\/about-us\/#breadcrumb","itemListElement":[{"@type":"ListItem","position":1,"name":"Home","item":"https:\/\/dvoinc.com\/"},{"@type":"ListItem","position":2,"name":"About Us"}]},{"@type":"WebSite","@id":"http:\/\/2pg.5ba.myftpupload.com\/#website","url":"http:\/\/2pg.5ba.myftpupload.com\/","name":"DVO","description":"Odnawialne \u017ar\u00f3d\u0142a energii w pracy","publisher":{"@id":"http:\/\/2pg.5ba.myftpupload.com\/#organization"},"potentialAction":[{"@type":"SearchAction","target":{"@type":"EntryPoint","urlTemplate":"http:\/\/2pg.5ba.myftpupload.com\/?s={search_term_string}"},"query-input":{"@type":"PropertyValueSpecification","valueRequired":true,"valueName":"search_term_string"}}],"inLanguage":"pl-PL"},{"@type":"Organization","@id":"http:\/\/2pg.5ba.myftpupload.com\/#organization","name":"DVO","url":"http:\/\/2pg.5ba.myftpupload.com\/","logo":{"@type":"ImageObject","inLanguage":"pl-PL","@id":"http:\/\/2pg.5ba.myftpupload.com\/#\/schema\/logo\/image\/","url":"https:\/\/dvoinc.com\/wp-content\/uploads\/2023\/05\/logo.svg","contentUrl":"https:\/\/dvoinc.com\/wp-content\/uploads\/2023\/05\/logo.svg","width":170,"height":67,"caption":"DVO"},"image":{"@id":"http:\/\/2pg.5ba.myftpupload.com\/#\/schema\/logo\/image\/"},"sameAs":["https:\/\/x.com\/DVOdigesters","https:\/\/www.linkedin.com\/company\/dvo-inc-"]}]}},"_links":{"self":[{"href":"https:\/\/dvoinc.com\/pl\/wp-json\/wp\/v2\/pages\/221","targetHints":{"allow":["GET"]}}],"collection":[{"href":"https:\/\/dvoinc.com\/pl\/wp-json\/wp\/v2\/pages"}],"about":[{"href":"https:\/\/dvoinc.com\/pl\/wp-json\/wp\/v2\/types\/page"}],"author":[{"embeddable":true,"href":"https:\/\/dvoinc.com\/pl\/wp-json\/wp\/v2\/users\/1"}],"replies":[{"embeddable":true,"href":"https:\/\/dvoinc.com\/pl\/wp-json\/wp\/v2\/comments?post=221"}],"version-history":[{"count":45,"href":"https:\/\/dvoinc.com\/pl\/wp-json\/wp\/v2\/pages\/221\/revisions"}],"predecessor-version":[{"id":1850,"href":"https:\/\/dvoinc.com\/pl\/wp-json\/wp\/v2\/pages\/221\/revisions\/1850"}],"wp:featuredmedia":[{"embeddable":true,"href":"https:\/\/dvoinc.com\/pl\/wp-json\/wp\/v2\/media\/1555"}],"wp:attachment":[{"href":"https:\/\/dvoinc.com\/pl\/wp-json\/wp\/v2\/media?parent=221"}],"curies":[{"name":"wp","href":"https:\/\/api.w.org\/{rel}","templated":true}]}}