{"id":252,"date":"2023-05-15T19:53:29","date_gmt":"2023-05-15T19:53:29","guid":{"rendered":"http:\/\/dvo.local\/?page_id=252"},"modified":"2023-12-06T00:27:46","modified_gmt":"2023-12-06T00:27:46","slug":"odzysk-azotu-z-amoniaku","status":"publish","type":"page","link":"https:\/\/dvoinc.com\/pl\/anaerobic-digester-technologies\/nitrogen-ammonia-recovery\/","title":{"rendered":"Odzyskiwanie azotu \/ amoniaku"},"content":{"rendered":"","protected":false},"excerpt":{"rendered":"","protected":false},"author":1,"featured_media":1723,"parent":223,"menu_order":0,"comment_status":"closed","ping_status":"closed","template":"","meta":{"_acf_changed":false,"footnotes":""},"class_list":["post-252","page","type-page","status-publish","has-post-thumbnail","hentry"],"acf":[],"yoast_head":"<!-- This site is optimized with the Yoast SEO Premium plugin v22.9 (Yoast SEO v27.5) - https:\/\/yoast.com\/product\/yoast-seo-premium-wordpress\/ -->\n<title>Nitrogen &amp; Ammonia Recovery | Anaerobic Digesters - DVO<\/title>\n<meta name=\"description\" content=\"A DVO system can recover nutrients from digested waste to be used as fertilizer. When the nutrient recovery system is used, we remove ammonia\/nitrogen through volatilization.\" \/>\n<meta name=\"robots\" content=\"index, follow, max-snippet:-1, max-image-preview:large, max-video-preview:-1\" \/>\n<link rel=\"canonical\" href=\"https:\/\/dvoinc.com\/pl\/technologie-fermentacji-beztlenowej\/odzysk-azotu-z-amoniaku\/\" \/>\n<meta property=\"og:locale\" content=\"pl_PL\" \/>\n<meta property=\"og:type\" content=\"article\" \/>\n<meta property=\"og:title\" content=\"Nitrogen \/ Ammonia Recovery\" \/>\n<meta property=\"og:description\" content=\"A DVO system can recover nutrients from digested waste to be used as fertilizer. When the nutrient recovery system is used, we remove ammonia\/nitrogen through volatilization.\" \/>\n<meta property=\"og:url\" content=\"https:\/\/dvoinc.com\/pl\/technologie-fermentacji-beztlenowej\/odzysk-azotu-z-amoniaku\/\" \/>\n<meta property=\"og:site_name\" content=\"DVO\" \/>\n<meta property=\"article:modified_time\" content=\"2023-12-06T00:27:46+00:00\" \/>\n<meta property=\"og:image\" content=\"https:\/\/dvoinc.com\/wp-content\/uploads\/2023\/12\/1600x600_recovering_nutrients.jpg\" \/>\n\t<meta property=\"og:image:width\" content=\"1600\" \/>\n\t<meta property=\"og:image:height\" content=\"600\" \/>\n\t<meta property=\"og:image:type\" content=\"image\/jpeg\" \/>\n<meta name=\"twitter:card\" content=\"summary_large_image\" \/>\n<meta name=\"twitter:site\" content=\"@DVOdigesters\" \/>\n<script type=\"application\/ld+json\" class=\"yoast-schema-graph\">{\"@context\":\"https:\\\/\\\/schema.org\",\"@graph\":[{\"@type\":\"WebPage\",\"@id\":\"https:\\\/\\\/dvoinc.com\\\/anaerobic-digester-technologies\\\/nitrogen-ammonia-recovery\\\/\",\"url\":\"https:\\\/\\\/dvoinc.com\\\/anaerobic-digester-technologies\\\/nitrogen-ammonia-recovery\\\/\",\"name\":\"Nitrogen & Ammonia Recovery | Anaerobic Digesters - DVO\",\"isPartOf\":{\"@id\":\"http:\\\/\\\/2pg.5ba.myftpupload.com\\\/#website\"},\"primaryImageOfPage\":{\"@id\":\"https:\\\/\\\/dvoinc.com\\\/anaerobic-digester-technologies\\\/nitrogen-ammonia-recovery\\\/#primaryimage\"},\"image\":{\"@id\":\"https:\\\/\\\/dvoinc.com\\\/anaerobic-digester-technologies\\\/nitrogen-ammonia-recovery\\\/#primaryimage\"},\"thumbnailUrl\":\"https:\\\/\\\/dvoinc.com\\\/wp-content\\\/uploads\\\/2023\\\/12\\\/1600x600_recovering_nutrients.jpg\",\"datePublished\":\"2023-05-15T19:53:29+00:00\",\"dateModified\":\"2023-12-06T00:27:46+00:00\",\"description\":\"A DVO system can recover nutrients from digested waste to be used as fertilizer. When the nutrient recovery system is used, we remove ammonia\\\/nitrogen through volatilization.\",\"breadcrumb\":{\"@id\":\"https:\\\/\\\/dvoinc.com\\\/anaerobic-digester-technologies\\\/nitrogen-ammonia-recovery\\\/#breadcrumb\"},\"inLanguage\":\"pl-PL\",\"potentialAction\":[{\"@type\":\"ReadAction\",\"target\":[\"https:\\\/\\\/dvoinc.com\\\/anaerobic-digester-technologies\\\/nitrogen-ammonia-recovery\\\/\"]}]},{\"@type\":\"ImageObject\",\"inLanguage\":\"pl-PL\",\"@id\":\"https:\\\/\\\/dvoinc.com\\\/anaerobic-digester-technologies\\\/nitrogen-ammonia-recovery\\\/#primaryimage\",\"url\":\"https:\\\/\\\/dvoinc.com\\\/wp-content\\\/uploads\\\/2023\\\/12\\\/1600x600_recovering_nutrients.jpg\",\"contentUrl\":\"https:\\\/\\\/dvoinc.com\\\/wp-content\\\/uploads\\\/2023\\\/12\\\/1600x600_recovering_nutrients.jpg\",\"width\":1600,\"height\":600,\"caption\":\"dairy cows grazing\"},{\"@type\":\"BreadcrumbList\",\"@id\":\"https:\\\/\\\/dvoinc.com\\\/anaerobic-digester-technologies\\\/nitrogen-ammonia-recovery\\\/#breadcrumb\",\"itemListElement\":[{\"@type\":\"ListItem\",\"position\":1,\"name\":\"Home\",\"item\":\"https:\\\/\\\/dvoinc.com\\\/\"},{\"@type\":\"ListItem\",\"position\":2,\"name\":\"DVO&#8217;s Two-Stage Linear Vortex\u2122 Digester\",\"item\":\"https:\\\/\\\/dvoinc.com\\\/anaerobic-digester-technologies\\\/\"},{\"@type\":\"ListItem\",\"position\":3,\"name\":\"Nitrogen \\\/ Ammonia Recovery\"}]},{\"@type\":\"WebSite\",\"@id\":\"http:\\\/\\\/2pg.5ba.myftpupload.com\\\/#website\",\"url\":\"http:\\\/\\\/2pg.5ba.myftpupload.com\\\/\",\"name\":\"DVO\",\"description\":\"Renewables at Work\",\"publisher\":{\"@id\":\"http:\\\/\\\/2pg.5ba.myftpupload.com\\\/#organization\"},\"potentialAction\":[{\"@type\":\"SearchAction\",\"target\":{\"@type\":\"EntryPoint\",\"urlTemplate\":\"http:\\\/\\\/2pg.5ba.myftpupload.com\\\/?s={search_term_string}\"},\"query-input\":{\"@type\":\"PropertyValueSpecification\",\"valueRequired\":true,\"valueName\":\"search_term_string\"}}],\"inLanguage\":\"pl-PL\"},{\"@type\":\"Organization\",\"@id\":\"http:\\\/\\\/2pg.5ba.myftpupload.com\\\/#organization\",\"name\":\"DVO\",\"url\":\"http:\\\/\\\/2pg.5ba.myftpupload.com\\\/\",\"logo\":{\"@type\":\"ImageObject\",\"inLanguage\":\"pl-PL\",\"@id\":\"http:\\\/\\\/2pg.5ba.myftpupload.com\\\/#\\\/schema\\\/logo\\\/image\\\/\",\"url\":\"https:\\\/\\\/dvoinc.com\\\/wp-content\\\/uploads\\\/2023\\\/05\\\/logo.svg\",\"contentUrl\":\"https:\\\/\\\/dvoinc.com\\\/wp-content\\\/uploads\\\/2023\\\/05\\\/logo.svg\",\"width\":170,\"height\":67,\"caption\":\"DVO\"},\"image\":{\"@id\":\"http:\\\/\\\/2pg.5ba.myftpupload.com\\\/#\\\/schema\\\/logo\\\/image\\\/\"},\"sameAs\":[\"https:\\\/\\\/x.com\\\/DVOdigesters\",\"https:\\\/\\\/www.linkedin.com\\\/company\\\/dvo-inc-\"]}]}<\/script>\n<!-- \/ Yoast SEO Premium plugin. -->","yoast_head_json":{"title":"Odzyskiwanie azotu i amoniaku | Komory beztlenowe - DVO","description":"System DVO mo\u017ce odzyskiwa\u0107 sk\u0142adniki od\u017cywcze z przefermentowanych odpad\u00f3w do wykorzystania jako naw\u00f3z. Gdy u\u017cywany jest system odzyskiwania sk\u0142adnik\u00f3w od\u017cywczych, usuwamy amoniak\/azot poprzez ulatnianie.","robots":{"index":"index","follow":"follow","max-snippet":"max-snippet:-1","max-image-preview":"max-image-preview:large","max-video-preview":"max-video-preview:-1"},"canonical":"https:\/\/dvoinc.com\/pl\/technologie-fermentacji-beztlenowej\/odzysk-azotu-z-amoniaku\/","og_locale":"pl_PL","og_type":"article","og_title":"Nitrogen \/ Ammonia Recovery","og_description":"A DVO system can recover nutrients from digested waste to be used as fertilizer. When the nutrient recovery system is used, we remove ammonia\/nitrogen through volatilization.","og_url":"https:\/\/dvoinc.com\/pl\/technologie-fermentacji-beztlenowej\/odzysk-azotu-z-amoniaku\/","og_site_name":"DVO","article_modified_time":"2023-12-06T00:27:46+00:00","og_image":[{"width":1600,"height":600,"url":"https:\/\/dvoinc.com\/wp-content\/uploads\/2023\/12\/1600x600_recovering_nutrients.jpg","type":"image\/jpeg"}],"twitter_card":"summary_large_image","twitter_site":"@DVOdigesters","schema":{"@context":"https:\/\/schema.org","@graph":[{"@type":"WebPage","@id":"https:\/\/dvoinc.com\/anaerobic-digester-technologies\/nitrogen-ammonia-recovery\/","url":"https:\/\/dvoinc.com\/anaerobic-digester-technologies\/nitrogen-ammonia-recovery\/","name":"Odzyskiwanie azotu i amoniaku | Komory beztlenowe - DVO","isPartOf":{"@id":"http:\/\/2pg.5ba.myftpupload.com\/#website"},"primaryImageOfPage":{"@id":"https:\/\/dvoinc.com\/anaerobic-digester-technologies\/nitrogen-ammonia-recovery\/#primaryimage"},"image":{"@id":"https:\/\/dvoinc.com\/anaerobic-digester-technologies\/nitrogen-ammonia-recovery\/#primaryimage"},"thumbnailUrl":"https:\/\/dvoinc.com\/wp-content\/uploads\/2023\/12\/1600x600_recovering_nutrients.jpg","datePublished":"2023-05-15T19:53:29+00:00","dateModified":"2023-12-06T00:27:46+00:00","description":"System DVO mo\u017ce odzyskiwa\u0107 sk\u0142adniki od\u017cywcze z przefermentowanych odpad\u00f3w do wykorzystania jako naw\u00f3z. Gdy u\u017cywany jest system odzyskiwania sk\u0142adnik\u00f3w od\u017cywczych, usuwamy amoniak\/azot poprzez ulatnianie.","breadcrumb":{"@id":"https:\/\/dvoinc.com\/anaerobic-digester-technologies\/nitrogen-ammonia-recovery\/#breadcrumb"},"inLanguage":"pl-PL","potentialAction":[{"@type":"ReadAction","target":["https:\/\/dvoinc.com\/anaerobic-digester-technologies\/nitrogen-ammonia-recovery\/"]}]},{"@type":"ImageObject","inLanguage":"pl-PL","@id":"https:\/\/dvoinc.com\/anaerobic-digester-technologies\/nitrogen-ammonia-recovery\/#primaryimage","url":"https:\/\/dvoinc.com\/wp-content\/uploads\/2023\/12\/1600x600_recovering_nutrients.jpg","contentUrl":"https:\/\/dvoinc.com\/wp-content\/uploads\/2023\/12\/1600x600_recovering_nutrients.jpg","width":1600,"height":600,"caption":"dairy cows grazing"},{"@type":"BreadcrumbList","@id":"https:\/\/dvoinc.com\/anaerobic-digester-technologies\/nitrogen-ammonia-recovery\/#breadcrumb","itemListElement":[{"@type":"ListItem","position":1,"name":"Home","item":"https:\/\/dvoinc.com\/"},{"@type":"ListItem","position":2,"name":"DVO&#8217;s Two-Stage Linear Vortex\u2122 Digester","item":"https:\/\/dvoinc.com\/anaerobic-digester-technologies\/"},{"@type":"ListItem","position":3,"name":"Nitrogen \/ Ammonia Recovery"}]},{"@type":"WebSite","@id":"http:\/\/2pg.5ba.myftpupload.com\/#website","url":"http:\/\/2pg.5ba.myftpupload.com\/","name":"DVO","description":"Odnawialne \u017ar\u00f3d\u0142a energii w pracy","publisher":{"@id":"http:\/\/2pg.5ba.myftpupload.com\/#organization"},"potentialAction":[{"@type":"SearchAction","target":{"@type":"EntryPoint","urlTemplate":"http:\/\/2pg.5ba.myftpupload.com\/?s={search_term_string}"},"query-input":{"@type":"PropertyValueSpecification","valueRequired":true,"valueName":"search_term_string"}}],"inLanguage":"pl-PL"},{"@type":"Organization","@id":"http:\/\/2pg.5ba.myftpupload.com\/#organization","name":"DVO","url":"http:\/\/2pg.5ba.myftpupload.com\/","logo":{"@type":"ImageObject","inLanguage":"pl-PL","@id":"http:\/\/2pg.5ba.myftpupload.com\/#\/schema\/logo\/image\/","url":"https:\/\/dvoinc.com\/wp-content\/uploads\/2023\/05\/logo.svg","contentUrl":"https:\/\/dvoinc.com\/wp-content\/uploads\/2023\/05\/logo.svg","width":170,"height":67,"caption":"DVO"},"image":{"@id":"http:\/\/2pg.5ba.myftpupload.com\/#\/schema\/logo\/image\/"},"sameAs":["https:\/\/x.com\/DVOdigesters","https:\/\/www.linkedin.com\/company\/dvo-inc-"]}]}},"_links":{"self":[{"href":"https:\/\/dvoinc.com\/pl\/wp-json\/wp\/v2\/pages\/252","targetHints":{"allow":["GET"]}}],"collection":[{"href":"https:\/\/dvoinc.com\/pl\/wp-json\/wp\/v2\/pages"}],"about":[{"href":"https:\/\/dvoinc.com\/pl\/wp-json\/wp\/v2\/types\/page"}],"author":[{"embeddable":true,"href":"https:\/\/dvoinc.com\/pl\/wp-json\/wp\/v2\/users\/1"}],"replies":[{"embeddable":true,"href":"https:\/\/dvoinc.com\/pl\/wp-json\/wp\/v2\/comments?post=252"}],"version-history":[{"count":25,"href":"https:\/\/dvoinc.com\/pl\/wp-json\/wp\/v2\/pages\/252\/revisions"}],"predecessor-version":[{"id":1652,"href":"https:\/\/dvoinc.com\/pl\/wp-json\/wp\/v2\/pages\/252\/revisions\/1652"}],"up":[{"embeddable":true,"href":"https:\/\/dvoinc.com\/pl\/wp-json\/wp\/v2\/pages\/223"}],"wp:featuredmedia":[{"embeddable":true,"href":"https:\/\/dvoinc.com\/pl\/wp-json\/wp\/v2\/media\/1723"}],"wp:attachment":[{"href":"https:\/\/dvoinc.com\/pl\/wp-json\/wp\/v2\/media?parent=252"}],"curies":[{"name":"wp","href":"https:\/\/api.w.org\/{rel}","templated":true}]}}