{"id":557,"date":"2023-08-08T17:49:25","date_gmt":"2023-08-08T17:49:25","guid":{"rendered":"https:\/\/dvoinc.com\/?page_id=557"},"modified":"2024-02-28T22:58:20","modified_gmt":"2024-02-28T22:58:20","slug":"gminy-firmy-spozywcze","status":"publish","type":"page","link":"https:\/\/dvoinc.com\/pl\/who-we-serve\/municipalities-food-companies\/","title":{"rendered":"Gminy i firmy spo\u017cywcze"},"content":{"rendered":"","protected":false},"excerpt":{"rendered":"","protected":false},"author":4,"featured_media":1467,"parent":696,"menu_order":0,"comment_status":"closed","ping_status":"closed","template":"","meta":{"_acf_changed":false,"footnotes":""},"class_list":["post-557","page","type-page","status-publish","has-post-thumbnail","hentry"],"acf":[],"yoast_head":"<!-- This site is optimized with the Yoast SEO Premium plugin v22.9 (Yoast SEO v27.5) - https:\/\/yoast.com\/product\/yoast-seo-premium-wordpress\/ -->\n<title>Anaerobic Digesters, Anaerobic Digestion - DVO<\/title>\n<meta name=\"description\" content=\"No matter what biowaste your facility generates, a DVO digester is customized to handle the load and deliver a return.\" \/>\n<meta name=\"robots\" content=\"index, follow, max-snippet:-1, max-image-preview:large, max-video-preview:-1\" \/>\n<link rel=\"canonical\" href=\"https:\/\/dvoinc.com\/pl\/kogo-obslugujemy\/gminy-firmy-spozywcze\/\" \/>\n<meta property=\"og:locale\" content=\"pl_PL\" \/>\n<meta property=\"og:type\" content=\"article\" \/>\n<meta property=\"og:title\" content=\"Municipalities &amp; Food Companies\" \/>\n<meta property=\"og:description\" content=\"No matter what biowaste your facility generates, a DVO digester is customized to handle the load and deliver a return.\" \/>\n<meta property=\"og:url\" content=\"https:\/\/dvoinc.com\/pl\/kogo-obslugujemy\/gminy-firmy-spozywcze\/\" \/>\n<meta property=\"og:site_name\" content=\"DVO\" \/>\n<meta property=\"article:modified_time\" content=\"2024-02-28T22:58:20+00:00\" \/>\n<meta property=\"og:image\" content=\"https:\/\/dvoinc.com\/wp-content\/uploads\/2023\/09\/1600x600-muni-food-waste.jpg\" \/>\n\t<meta property=\"og:image:width\" content=\"1600\" \/>\n\t<meta property=\"og:image:height\" content=\"600\" \/>\n\t<meta property=\"og:image:type\" content=\"image\/jpeg\" \/>\n<meta name=\"twitter:card\" content=\"summary_large_image\" \/>\n<meta name=\"twitter:site\" content=\"@DVOdigesters\" \/>\n<script type=\"application\/ld+json\" class=\"yoast-schema-graph\">{\"@context\":\"https:\\\/\\\/schema.org\",\"@graph\":[{\"@type\":\"WebPage\",\"@id\":\"https:\\\/\\\/dvoinc.com\\\/who-we-serve\\\/municipalities-food-companies\\\/\",\"url\":\"https:\\\/\\\/dvoinc.com\\\/who-we-serve\\\/municipalities-food-companies\\\/\",\"name\":\"Anaerobic Digesters, Anaerobic Digestion - DVO\",\"isPartOf\":{\"@id\":\"http:\\\/\\\/2pg.5ba.myftpupload.com\\\/#website\"},\"primaryImageOfPage\":{\"@id\":\"https:\\\/\\\/dvoinc.com\\\/who-we-serve\\\/municipalities-food-companies\\\/#primaryimage\"},\"image\":{\"@id\":\"https:\\\/\\\/dvoinc.com\\\/who-we-serve\\\/municipalities-food-companies\\\/#primaryimage\"},\"thumbnailUrl\":\"https:\\\/\\\/dvoinc.com\\\/wp-content\\\/uploads\\\/2023\\\/09\\\/1600x600-muni-food-waste.jpg\",\"datePublished\":\"2023-08-08T17:49:25+00:00\",\"dateModified\":\"2024-02-28T22:58:20+00:00\",\"description\":\"No matter what biowaste your facility generates, a DVO digester is customized to handle the load and deliver a return.\",\"breadcrumb\":{\"@id\":\"https:\\\/\\\/dvoinc.com\\\/who-we-serve\\\/municipalities-food-companies\\\/#breadcrumb\"},\"inLanguage\":\"pl-PL\",\"potentialAction\":[{\"@type\":\"ReadAction\",\"target\":[\"https:\\\/\\\/dvoinc.com\\\/who-we-serve\\\/municipalities-food-companies\\\/\"]}]},{\"@type\":\"ImageObject\",\"inLanguage\":\"pl-PL\",\"@id\":\"https:\\\/\\\/dvoinc.com\\\/who-we-serve\\\/municipalities-food-companies\\\/#primaryimage\",\"url\":\"https:\\\/\\\/dvoinc.com\\\/wp-content\\\/uploads\\\/2023\\\/09\\\/1600x600-muni-food-waste.jpg\",\"contentUrl\":\"https:\\\/\\\/dvoinc.com\\\/wp-content\\\/uploads\\\/2023\\\/09\\\/1600x600-muni-food-waste.jpg\",\"width\":1600,\"height\":600,\"caption\":\"municipal food waste\"},{\"@type\":\"BreadcrumbList\",\"@id\":\"https:\\\/\\\/dvoinc.com\\\/who-we-serve\\\/municipalities-food-companies\\\/#breadcrumb\",\"itemListElement\":[{\"@type\":\"ListItem\",\"position\":1,\"name\":\"Home\",\"item\":\"https:\\\/\\\/dvoinc.com\\\/\"},{\"@type\":\"ListItem\",\"position\":2,\"name\":\"Who We Serve\",\"item\":\"http:\\\/\\\/2pg.5ba.myftpupload.com\\\/who-we-serve\\\/\"},{\"@type\":\"ListItem\",\"position\":3,\"name\":\"Municipalities &#038; Food Companies\"}]},{\"@type\":\"WebSite\",\"@id\":\"http:\\\/\\\/2pg.5ba.myftpupload.com\\\/#website\",\"url\":\"http:\\\/\\\/2pg.5ba.myftpupload.com\\\/\",\"name\":\"DVO\",\"description\":\"Renewables at Work\",\"publisher\":{\"@id\":\"http:\\\/\\\/2pg.5ba.myftpupload.com\\\/#organization\"},\"potentialAction\":[{\"@type\":\"SearchAction\",\"target\":{\"@type\":\"EntryPoint\",\"urlTemplate\":\"http:\\\/\\\/2pg.5ba.myftpupload.com\\\/?s={search_term_string}\"},\"query-input\":{\"@type\":\"PropertyValueSpecification\",\"valueRequired\":true,\"valueName\":\"search_term_string\"}}],\"inLanguage\":\"pl-PL\"},{\"@type\":\"Organization\",\"@id\":\"http:\\\/\\\/2pg.5ba.myftpupload.com\\\/#organization\",\"name\":\"DVO\",\"url\":\"http:\\\/\\\/2pg.5ba.myftpupload.com\\\/\",\"logo\":{\"@type\":\"ImageObject\",\"inLanguage\":\"pl-PL\",\"@id\":\"http:\\\/\\\/2pg.5ba.myftpupload.com\\\/#\\\/schema\\\/logo\\\/image\\\/\",\"url\":\"https:\\\/\\\/dvoinc.com\\\/wp-content\\\/uploads\\\/2023\\\/05\\\/logo.svg\",\"contentUrl\":\"https:\\\/\\\/dvoinc.com\\\/wp-content\\\/uploads\\\/2023\\\/05\\\/logo.svg\",\"width\":170,\"height\":67,\"caption\":\"DVO\"},\"image\":{\"@id\":\"http:\\\/\\\/2pg.5ba.myftpupload.com\\\/#\\\/schema\\\/logo\\\/image\\\/\"},\"sameAs\":[\"https:\\\/\\\/x.com\\\/DVOdigesters\",\"https:\\\/\\\/www.linkedin.com\\\/company\\\/dvo-inc-\"]}]}<\/script>\n<!-- \/ Yoast SEO Premium plugin. -->","yoast_head_json":{"title":"Komory fermentacyjne, fermentacja beztlenowa - DVO","description":"Bez wzgl\u0119du na to, jakie bioodpady generuje Tw\u00f3j zak\u0142ad, komora fermentacyjna DVO jest dostosowana do obs\u0142ugi obci\u0105\u017cenia i zapewnienia zwrotu.","robots":{"index":"index","follow":"follow","max-snippet":"max-snippet:-1","max-image-preview":"max-image-preview:large","max-video-preview":"max-video-preview:-1"},"canonical":"https:\/\/dvoinc.com\/pl\/kogo-obslugujemy\/gminy-firmy-spozywcze\/","og_locale":"pl_PL","og_type":"article","og_title":"Municipalities & Food Companies","og_description":"No matter what biowaste your facility generates, a DVO digester is customized to handle the load and deliver a return.","og_url":"https:\/\/dvoinc.com\/pl\/kogo-obslugujemy\/gminy-firmy-spozywcze\/","og_site_name":"DVO","article_modified_time":"2024-02-28T22:58:20+00:00","og_image":[{"width":1600,"height":600,"url":"https:\/\/dvoinc.com\/wp-content\/uploads\/2023\/09\/1600x600-muni-food-waste.jpg","type":"image\/jpeg"}],"twitter_card":"summary_large_image","twitter_site":"@DVOdigesters","schema":{"@context":"https:\/\/schema.org","@graph":[{"@type":"WebPage","@id":"https:\/\/dvoinc.com\/who-we-serve\/municipalities-food-companies\/","url":"https:\/\/dvoinc.com\/who-we-serve\/municipalities-food-companies\/","name":"Komory fermentacyjne, fermentacja beztlenowa - DVO","isPartOf":{"@id":"http:\/\/2pg.5ba.myftpupload.com\/#website"},"primaryImageOfPage":{"@id":"https:\/\/dvoinc.com\/who-we-serve\/municipalities-food-companies\/#primaryimage"},"image":{"@id":"https:\/\/dvoinc.com\/who-we-serve\/municipalities-food-companies\/#primaryimage"},"thumbnailUrl":"https:\/\/dvoinc.com\/wp-content\/uploads\/2023\/09\/1600x600-muni-food-waste.jpg","datePublished":"2023-08-08T17:49:25+00:00","dateModified":"2024-02-28T22:58:20+00:00","description":"Bez wzgl\u0119du na to, jakie bioodpady generuje Tw\u00f3j zak\u0142ad, komora fermentacyjna DVO jest dostosowana do obs\u0142ugi obci\u0105\u017cenia i zapewnienia zwrotu.","breadcrumb":{"@id":"https:\/\/dvoinc.com\/who-we-serve\/municipalities-food-companies\/#breadcrumb"},"inLanguage":"pl-PL","potentialAction":[{"@type":"ReadAction","target":["https:\/\/dvoinc.com\/who-we-serve\/municipalities-food-companies\/"]}]},{"@type":"ImageObject","inLanguage":"pl-PL","@id":"https:\/\/dvoinc.com\/who-we-serve\/municipalities-food-companies\/#primaryimage","url":"https:\/\/dvoinc.com\/wp-content\/uploads\/2023\/09\/1600x600-muni-food-waste.jpg","contentUrl":"https:\/\/dvoinc.com\/wp-content\/uploads\/2023\/09\/1600x600-muni-food-waste.jpg","width":1600,"height":600,"caption":"municipal food waste"},{"@type":"BreadcrumbList","@id":"https:\/\/dvoinc.com\/who-we-serve\/municipalities-food-companies\/#breadcrumb","itemListElement":[{"@type":"ListItem","position":1,"name":"Home","item":"https:\/\/dvoinc.com\/"},{"@type":"ListItem","position":2,"name":"Who We Serve","item":"http:\/\/2pg.5ba.myftpupload.com\/who-we-serve\/"},{"@type":"ListItem","position":3,"name":"Municipalities &#038; Food Companies"}]},{"@type":"WebSite","@id":"http:\/\/2pg.5ba.myftpupload.com\/#website","url":"http:\/\/2pg.5ba.myftpupload.com\/","name":"DVO","description":"Odnawialne \u017ar\u00f3d\u0142a energii w pracy","publisher":{"@id":"http:\/\/2pg.5ba.myftpupload.com\/#organization"},"potentialAction":[{"@type":"SearchAction","target":{"@type":"EntryPoint","urlTemplate":"http:\/\/2pg.5ba.myftpupload.com\/?s={search_term_string}"},"query-input":{"@type":"PropertyValueSpecification","valueRequired":true,"valueName":"search_term_string"}}],"inLanguage":"pl-PL"},{"@type":"Organization","@id":"http:\/\/2pg.5ba.myftpupload.com\/#organization","name":"DVO","url":"http:\/\/2pg.5ba.myftpupload.com\/","logo":{"@type":"ImageObject","inLanguage":"pl-PL","@id":"http:\/\/2pg.5ba.myftpupload.com\/#\/schema\/logo\/image\/","url":"https:\/\/dvoinc.com\/wp-content\/uploads\/2023\/05\/logo.svg","contentUrl":"https:\/\/dvoinc.com\/wp-content\/uploads\/2023\/05\/logo.svg","width":170,"height":67,"caption":"DVO"},"image":{"@id":"http:\/\/2pg.5ba.myftpupload.com\/#\/schema\/logo\/image\/"},"sameAs":["https:\/\/x.com\/DVOdigesters","https:\/\/www.linkedin.com\/company\/dvo-inc-"]}]}},"_links":{"self":[{"href":"https:\/\/dvoinc.com\/pl\/wp-json\/wp\/v2\/pages\/557","targetHints":{"allow":["GET"]}}],"collection":[{"href":"https:\/\/dvoinc.com\/pl\/wp-json\/wp\/v2\/pages"}],"about":[{"href":"https:\/\/dvoinc.com\/pl\/wp-json\/wp\/v2\/types\/page"}],"author":[{"embeddable":true,"href":"https:\/\/dvoinc.com\/pl\/wp-json\/wp\/v2\/users\/4"}],"replies":[{"embeddable":true,"href":"https:\/\/dvoinc.com\/pl\/wp-json\/wp\/v2\/comments?post=557"}],"version-history":[{"count":57,"href":"https:\/\/dvoinc.com\/pl\/wp-json\/wp\/v2\/pages\/557\/revisions"}],"predecessor-version":[{"id":2176,"href":"https:\/\/dvoinc.com\/pl\/wp-json\/wp\/v2\/pages\/557\/revisions\/2176"}],"up":[{"embeddable":true,"href":"https:\/\/dvoinc.com\/pl\/wp-json\/wp\/v2\/pages\/696"}],"wp:featuredmedia":[{"embeddable":true,"href":"https:\/\/dvoinc.com\/pl\/wp-json\/wp\/v2\/media\/1467"}],"wp:attachment":[{"href":"https:\/\/dvoinc.com\/pl\/wp-json\/wp\/v2\/media?parent=557"}],"curies":[{"name":"wp","href":"https:\/\/api.w.org\/{rel}","templated":true}]}}