{"id":560,"date":"2023-08-08T17:52:02","date_gmt":"2023-08-08T17:52:02","guid":{"rendered":"https:\/\/dvoinc.com\/?page_id=560"},"modified":"2023-12-06T16:17:24","modified_gmt":"2023-12-06T16:17:24","slug":"inwestorzy-biogazu-deweloperzy","status":"publish","type":"page","link":"https:\/\/dvoinc.com\/pl\/who-we-serve\/biogas-investors-developers\/","title":{"rendered":"Inwestorzy i deweloperzy biogazu"},"content":{"rendered":"","protected":false},"excerpt":{"rendered":"","protected":false},"author":4,"featured_media":928,"parent":696,"menu_order":0,"comment_status":"closed","ping_status":"closed","template":"","meta":{"_acf_changed":false,"footnotes":""},"class_list":["post-560","page","type-page","status-publish","has-post-thumbnail","hentry"],"acf":[],"yoast_head":"<!-- This site is optimized with the Yoast SEO Premium plugin v22.9 (Yoast SEO v27.5) - https:\/\/yoast.com\/product\/yoast-seo-premium-wordpress\/ -->\n<title>Biogas Digester, Biogas Investments - DVO<\/title>\n<meta name=\"description\" content=\"Our digesters are the lowest cost when measured by MMBtus produced. That equates to the highest return on your investment.\" \/>\n<meta name=\"robots\" content=\"index, follow, max-snippet:-1, max-image-preview:large, max-video-preview:-1\" \/>\n<link rel=\"canonical\" href=\"http:\/\/2pg.5ba.myftpupload.com\/who-we-serve\/biogas-investors-developers\/\" \/>\n<meta property=\"og:locale\" content=\"pl_PL\" \/>\n<meta property=\"og:type\" content=\"article\" \/>\n<meta property=\"og:title\" content=\"Biogas Investors &amp; Developers\" \/>\n<meta property=\"og:description\" content=\"Our digesters are the lowest cost when measured by MMBtus produced. That equates to the highest return on your investment.\" \/>\n<meta property=\"og:url\" content=\"http:\/\/2pg.5ba.myftpupload.com\/who-we-serve\/biogas-investors-developers\/\" \/>\n<meta property=\"og:site_name\" content=\"DVO\" \/>\n<meta property=\"article:modified_time\" content=\"2023-12-06T16:17:24+00:00\" \/>\n<meta property=\"og:image\" content=\"https:\/\/dvoinc.com\/wp-content\/uploads\/2023\/08\/ancali9.jpg\" \/>\n\t<meta property=\"og:image:width\" content=\"800\" \/>\n\t<meta property=\"og:image:height\" content=\"538\" \/>\n\t<meta property=\"og:image:type\" content=\"image\/jpeg\" \/>\n<meta name=\"twitter:card\" content=\"summary_large_image\" \/>\n<meta name=\"twitter:site\" content=\"@DVOdigesters\" \/>\n<script type=\"application\/ld+json\" class=\"yoast-schema-graph\">{\"@context\":\"https:\\\/\\\/schema.org\",\"@graph\":[{\"@type\":\"WebPage\",\"@id\":\"http:\\\/\\\/2pg.5ba.myftpupload.com\\\/who-we-serve\\\/biogas-investors-developers\\\/\",\"url\":\"http:\\\/\\\/2pg.5ba.myftpupload.com\\\/who-we-serve\\\/biogas-investors-developers\\\/\",\"name\":\"Biogas Digester, Biogas Investments - DVO\",\"isPartOf\":{\"@id\":\"http:\\\/\\\/2pg.5ba.myftpupload.com\\\/#website\"},\"primaryImageOfPage\":{\"@id\":\"http:\\\/\\\/2pg.5ba.myftpupload.com\\\/who-we-serve\\\/biogas-investors-developers\\\/#primaryimage\"},\"image\":{\"@id\":\"http:\\\/\\\/2pg.5ba.myftpupload.com\\\/who-we-serve\\\/biogas-investors-developers\\\/#primaryimage\"},\"thumbnailUrl\":\"https:\\\/\\\/dvoinc.com\\\/wp-content\\\/uploads\\\/2023\\\/08\\\/ancali9.jpg\",\"datePublished\":\"2023-08-08T17:52:02+00:00\",\"dateModified\":\"2023-12-06T16:17:24+00:00\",\"description\":\"Our digesters are the lowest cost when measured by MMBtus produced. That equates to the highest return on your investment.\",\"breadcrumb\":{\"@id\":\"http:\\\/\\\/2pg.5ba.myftpupload.com\\\/who-we-serve\\\/biogas-investors-developers\\\/#breadcrumb\"},\"inLanguage\":\"pl-PL\",\"potentialAction\":[{\"@type\":\"ReadAction\",\"target\":[\"http:\\\/\\\/2pg.5ba.myftpupload.com\\\/who-we-serve\\\/biogas-investors-developers\\\/\"]}]},{\"@type\":\"ImageObject\",\"inLanguage\":\"pl-PL\",\"@id\":\"http:\\\/\\\/2pg.5ba.myftpupload.com\\\/who-we-serve\\\/biogas-investors-developers\\\/#primaryimage\",\"url\":\"https:\\\/\\\/dvoinc.com\\\/wp-content\\\/uploads\\\/2023\\\/08\\\/ancali9.jpg\",\"contentUrl\":\"https:\\\/\\\/dvoinc.com\\\/wp-content\\\/uploads\\\/2023\\\/08\\\/ancali9.jpg\",\"width\":800,\"height\":538,\"caption\":\"people in business attire posing in front of rural building\"},{\"@type\":\"BreadcrumbList\",\"@id\":\"http:\\\/\\\/2pg.5ba.myftpupload.com\\\/who-we-serve\\\/biogas-investors-developers\\\/#breadcrumb\",\"itemListElement\":[{\"@type\":\"ListItem\",\"position\":1,\"name\":\"Home\",\"item\":\"https:\\\/\\\/dvoinc.com\\\/\"},{\"@type\":\"ListItem\",\"position\":2,\"name\":\"Who We Serve\",\"item\":\"http:\\\/\\\/2pg.5ba.myftpupload.com\\\/who-we-serve\\\/\"},{\"@type\":\"ListItem\",\"position\":3,\"name\":\"Biogas Investors &#038; Developers\"}]},{\"@type\":\"WebSite\",\"@id\":\"http:\\\/\\\/2pg.5ba.myftpupload.com\\\/#website\",\"url\":\"http:\\\/\\\/2pg.5ba.myftpupload.com\\\/\",\"name\":\"DVO\",\"description\":\"Renewables at Work\",\"publisher\":{\"@id\":\"http:\\\/\\\/2pg.5ba.myftpupload.com\\\/#organization\"},\"potentialAction\":[{\"@type\":\"SearchAction\",\"target\":{\"@type\":\"EntryPoint\",\"urlTemplate\":\"http:\\\/\\\/2pg.5ba.myftpupload.com\\\/?s={search_term_string}\"},\"query-input\":{\"@type\":\"PropertyValueSpecification\",\"valueRequired\":true,\"valueName\":\"search_term_string\"}}],\"inLanguage\":\"pl-PL\"},{\"@type\":\"Organization\",\"@id\":\"http:\\\/\\\/2pg.5ba.myftpupload.com\\\/#organization\",\"name\":\"DVO\",\"url\":\"http:\\\/\\\/2pg.5ba.myftpupload.com\\\/\",\"logo\":{\"@type\":\"ImageObject\",\"inLanguage\":\"pl-PL\",\"@id\":\"http:\\\/\\\/2pg.5ba.myftpupload.com\\\/#\\\/schema\\\/logo\\\/image\\\/\",\"url\":\"https:\\\/\\\/dvoinc.com\\\/wp-content\\\/uploads\\\/2023\\\/05\\\/logo.svg\",\"contentUrl\":\"https:\\\/\\\/dvoinc.com\\\/wp-content\\\/uploads\\\/2023\\\/05\\\/logo.svg\",\"width\":170,\"height\":67,\"caption\":\"DVO\"},\"image\":{\"@id\":\"http:\\\/\\\/2pg.5ba.myftpupload.com\\\/#\\\/schema\\\/logo\\\/image\\\/\"},\"sameAs\":[\"https:\\\/\\\/x.com\\\/DVOdigesters\",\"https:\\\/\\\/www.linkedin.com\\\/company\\\/dvo-inc-\"]}]}<\/script>\n<!-- \/ Yoast SEO Premium plugin. -->","yoast_head_json":{"title":"Biogazownia, Inwestycje w biogaz - DVO","description":"Nasze komory fermentacyjne charakteryzuj\u0105 si\u0119 najni\u017cszym kosztem w przeliczeniu na MMBtus wyprodukowanej energii. Oznacza to najwy\u017cszy zwrot z inwestycji.","robots":{"index":"index","follow":"follow","max-snippet":"max-snippet:-1","max-image-preview":"max-image-preview:large","max-video-preview":"max-video-preview:-1"},"canonical":"http:\/\/2pg.5ba.myftpupload.com\/who-we-serve\/biogas-investors-developers\/","og_locale":"pl_PL","og_type":"article","og_title":"Biogas Investors & Developers","og_description":"Our digesters are the lowest cost when measured by MMBtus produced. That equates to the highest return on your investment.","og_url":"http:\/\/2pg.5ba.myftpupload.com\/who-we-serve\/biogas-investors-developers\/","og_site_name":"DVO","article_modified_time":"2023-12-06T16:17:24+00:00","og_image":[{"width":800,"height":538,"url":"https:\/\/dvoinc.com\/wp-content\/uploads\/2023\/08\/ancali9.jpg","type":"image\/jpeg"}],"twitter_card":"summary_large_image","twitter_site":"@DVOdigesters","schema":{"@context":"https:\/\/schema.org","@graph":[{"@type":"WebPage","@id":"http:\/\/2pg.5ba.myftpupload.com\/who-we-serve\/biogas-investors-developers\/","url":"http:\/\/2pg.5ba.myftpupload.com\/who-we-serve\/biogas-investors-developers\/","name":"Biogazownia, Inwestycje w biogaz - DVO","isPartOf":{"@id":"http:\/\/2pg.5ba.myftpupload.com\/#website"},"primaryImageOfPage":{"@id":"http:\/\/2pg.5ba.myftpupload.com\/who-we-serve\/biogas-investors-developers\/#primaryimage"},"image":{"@id":"http:\/\/2pg.5ba.myftpupload.com\/who-we-serve\/biogas-investors-developers\/#primaryimage"},"thumbnailUrl":"https:\/\/dvoinc.com\/wp-content\/uploads\/2023\/08\/ancali9.jpg","datePublished":"2023-08-08T17:52:02+00:00","dateModified":"2023-12-06T16:17:24+00:00","description":"Nasze komory fermentacyjne charakteryzuj\u0105 si\u0119 najni\u017cszym kosztem w przeliczeniu na MMBtus wyprodukowanej energii. Oznacza to najwy\u017cszy zwrot z inwestycji.","breadcrumb":{"@id":"http:\/\/2pg.5ba.myftpupload.com\/who-we-serve\/biogas-investors-developers\/#breadcrumb"},"inLanguage":"pl-PL","potentialAction":[{"@type":"ReadAction","target":["http:\/\/2pg.5ba.myftpupload.com\/who-we-serve\/biogas-investors-developers\/"]}]},{"@type":"ImageObject","inLanguage":"pl-PL","@id":"http:\/\/2pg.5ba.myftpupload.com\/who-we-serve\/biogas-investors-developers\/#primaryimage","url":"https:\/\/dvoinc.com\/wp-content\/uploads\/2023\/08\/ancali9.jpg","contentUrl":"https:\/\/dvoinc.com\/wp-content\/uploads\/2023\/08\/ancali9.jpg","width":800,"height":538,"caption":"people in business attire posing in front of rural building"},{"@type":"BreadcrumbList","@id":"http:\/\/2pg.5ba.myftpupload.com\/who-we-serve\/biogas-investors-developers\/#breadcrumb","itemListElement":[{"@type":"ListItem","position":1,"name":"Home","item":"https:\/\/dvoinc.com\/"},{"@type":"ListItem","position":2,"name":"Who We Serve","item":"http:\/\/2pg.5ba.myftpupload.com\/who-we-serve\/"},{"@type":"ListItem","position":3,"name":"Biogas Investors &#038; Developers"}]},{"@type":"WebSite","@id":"http:\/\/2pg.5ba.myftpupload.com\/#website","url":"http:\/\/2pg.5ba.myftpupload.com\/","name":"DVO","description":"Odnawialne \u017ar\u00f3d\u0142a energii w pracy","publisher":{"@id":"http:\/\/2pg.5ba.myftpupload.com\/#organization"},"potentialAction":[{"@type":"SearchAction","target":{"@type":"EntryPoint","urlTemplate":"http:\/\/2pg.5ba.myftpupload.com\/?s={search_term_string}"},"query-input":{"@type":"PropertyValueSpecification","valueRequired":true,"valueName":"search_term_string"}}],"inLanguage":"pl-PL"},{"@type":"Organization","@id":"http:\/\/2pg.5ba.myftpupload.com\/#organization","name":"DVO","url":"http:\/\/2pg.5ba.myftpupload.com\/","logo":{"@type":"ImageObject","inLanguage":"pl-PL","@id":"http:\/\/2pg.5ba.myftpupload.com\/#\/schema\/logo\/image\/","url":"https:\/\/dvoinc.com\/wp-content\/uploads\/2023\/05\/logo.svg","contentUrl":"https:\/\/dvoinc.com\/wp-content\/uploads\/2023\/05\/logo.svg","width":170,"height":67,"caption":"DVO"},"image":{"@id":"http:\/\/2pg.5ba.myftpupload.com\/#\/schema\/logo\/image\/"},"sameAs":["https:\/\/x.com\/DVOdigesters","https:\/\/www.linkedin.com\/company\/dvo-inc-"]}]}},"_links":{"self":[{"href":"https:\/\/dvoinc.com\/pl\/wp-json\/wp\/v2\/pages\/560","targetHints":{"allow":["GET"]}}],"collection":[{"href":"https:\/\/dvoinc.com\/pl\/wp-json\/wp\/v2\/pages"}],"about":[{"href":"https:\/\/dvoinc.com\/pl\/wp-json\/wp\/v2\/types\/page"}],"author":[{"embeddable":true,"href":"https:\/\/dvoinc.com\/pl\/wp-json\/wp\/v2\/users\/4"}],"replies":[{"embeddable":true,"href":"https:\/\/dvoinc.com\/pl\/wp-json\/wp\/v2\/comments?post=560"}],"version-history":[{"count":60,"href":"https:\/\/dvoinc.com\/pl\/wp-json\/wp\/v2\/pages\/560\/revisions"}],"predecessor-version":[{"id":1784,"href":"https:\/\/dvoinc.com\/pl\/wp-json\/wp\/v2\/pages\/560\/revisions\/1784"}],"up":[{"embeddable":true,"href":"https:\/\/dvoinc.com\/pl\/wp-json\/wp\/v2\/pages\/696"}],"wp:featuredmedia":[{"embeddable":true,"href":"https:\/\/dvoinc.com\/pl\/wp-json\/wp\/v2\/media\/928"}],"wp:attachment":[{"href":"https:\/\/dvoinc.com\/pl\/wp-json\/wp\/v2\/media?parent=560"}],"curies":[{"name":"wp","href":"https:\/\/api.w.org\/{rel}","templated":true}]}}